{"id":8413,"date":"2025-05-19T07:28:13","date_gmt":"2025-05-19T07:28:13","guid":{"rendered":"https:\/\/puigvelaclassica.com\/?page_id=8413"},"modified":"2025-05-19T07:28:13","modified_gmt":"2025-05-19T07:28:13","slug":"aviso-legal","status":"publish","type":"page","link":"https:\/\/www.puigvelaclassicabarcelona.com\/es\/aviso-legal\/","title":{"rendered":"Aviso legal"},"content":{"rendered":"<h3>Informaci\u00f3n sobre el titular del sitio web<\/h3>\n<p>La Entidad Deportiva REAL CLUB NAUTICO DE BARCELONA con domicilio en Moll Espanya s\/n, 08039 Barcelona, Espa\u00f1a, es titular del dominio rcnb.com, provista de C.I.F. G-08399073, est\u00e1 inscrita en el Registro de Entidades Deportivas de la Generalitat de Catalunya con el n\u00famero 1739.<\/p>\n<p>El REAL CLUB NAUTICO DE BARCELONA podr\u00e1 alterar en cualquier momento y sin aviso previo, el dise\u00f1o, presentaci\u00f3n y\/o configuraci\u00f3n del Sitio Web, as\u00ed como algunos o todos los servicios, y a\u00f1adir servicios nuevos. La utilizaci\u00f3n de este Sitio Web implica la plena aceptaci\u00f3n de las disposiciones incluidas en este Aviso en la versi\u00f3n publicada por REAL CLUB NAUTICO DE BARCELONA en el momento en que el Usuario acceda al Sitio Web.<\/p>\n<h3>Responsabilidad hacia los menores de edad<\/h3>\n<p>Si los padres o tutores consienten que los menores de edad a su cargo usen los servicios de REAL CLUB NAUTICO DE BARCELONA de inscripci\u00f3n obligatoria, \u00e9stos se responsabilizan del comportamiento de los menores, del control de sus accesos, as\u00ed como de las consecuencias que pudiesen derivar del uso inapropiado de los servicios del REAL CLUB NAUTICO DE BARCELONA por menores de edad.<br \/>\nLos padres o tutores deben ser conscientes de que el REAL CLUB NAUTICO DE BARCELONA no garantiza que todos los contenidos de este sitio web sean apropiados para menores de edad.<\/p>\n<h3>Cookies e IPs<\/h3>\n<p>El usuario acepta el uso de cookies y seguimientos de IPs. Nuestro analizador de tr\u00e1fico del sitio web utiliza cookies y seguimientos de IPs que nos permiten recoger datos a efectos estad\u00edsticos como: fecha de la primera visita, n\u00famero de veces que se ha visitado, fecha de la \u00faltima visita, URL y dominio de la que proviene, explorador utilizado y resoluci\u00f3n de la pantalla. No obstante, el usuario si lo desea puede desactivar y\/o eliminar estas cookies siguiendo las instrucciones de su navegador de Internet.<\/p>\n<h3>Concesi\u00f3n de derechos por parte de REAL CLUB NAUTICO DE BARCELONA<\/h3>\n<p>El material de la red de REAL CLUB NAUTICO DE BARCELONA, incluyendo textos, software, c\u00f3digos de fuentes para HTML, Java y Flash, fotos, v\u00eddeos, gr\u00e1ficos, m\u00fasica y sonidos est\u00e1 protegido por los derechos de autor. La descarga y la utilizaci\u00f3n de material protegido por los derechos de autor que haya suministrado RCNB.COM se permite para su exclusivo uso privado; en la medida en que ello suceda en el \u00e1mbito de las estipulaciones legales aplicables y las presentes condiciones de negocio.<\/p>\n<p>En ning\u00fan caso el acceso a dichas P\u00e1ginas Web implica ning\u00fan tipo de renuncia, transmisi\u00f3n o cesi\u00f3n total ni parcial de dichos derechos, ni confiere ning\u00fan derecho de utilizaci\u00f3n, alteraci\u00f3n, explotaci\u00f3n, reproducci\u00f3n, distribuci\u00f3n o comunicaci\u00f3n p\u00fablica sobre dichos contenidos sin la previa y expresa autorizaci\u00f3n espec\u00edficamente otorgada a tal efecto por parte del REAL CLUB NAUTICO DE BARCELONA o del tercero titular de los derechos afectados, a salvo del derecho de visualizar y obtener una copia privada de seguridad de tales contenidos siempre que dicho derecho se ejercite seg\u00fan los principios de la buena fe y que en todo caso se mantenga inalterado en la eventual copia privada de seguridad el \u00abcopyright\u00bb y dem\u00e1s datos identificativos de los derechos del REAL CLUB NAUTICO DE BARCELONA o terceros titulares de los mismos sobre tales contenidos, as\u00ed como que se realice sin fines comerciales y exclusivamente para informaci\u00f3n personal del usuario.<\/p>\n<h3>Protecci\u00f3n de Datos de Car\u00e1cter Personal<\/h3>\n<p>En caso de que el Usuario facilite sus datos de car\u00e1cter personal a trav\u00e9s de alguno de los medios facilitados en el Portal, se incluir\u00e1n en un Fichero correctamente declarado ante la Agencia Espa\u00f1ola de Protecci\u00f3n de Datos. Este Fichero es titularidad y responsabilidad de REAL CLUB NAUTICO DE BARCELONA. Los datos de car\u00e1cter personal facilitados ser\u00e1n procesados en Espa\u00f1a.<br \/>\nEl usuario podr\u00e1 acceder a su informaci\u00f3n, pudiendo ejercitar los derechos de acceso, rectificaci\u00f3n y, en su caso, cancelaci\u00f3n de acuerdo con lo establecido en La Ley Org\u00e1nica de Protecci\u00f3n de Datos de Car\u00e1cter Personal 15\/1999, de 13 de Diciembre y dem\u00e1s normativa aplicable al efecto, debiendo para ello dirigirse a:<\/p>\n<p><i>Oficina de Regatas<br \/>\nregatas@rcnb.com<br \/>\nREAL CLUB NAUTICO DE BARCELONA<br \/>\nMoll Espanya, S\/N<br \/>\n08039 Barcelona<\/i><\/p>\n<p>El usuario deber\u00e1 adjuntar siempre una fotocopia de su DNI o documento equivalente en el supuesto de no ser espa\u00f1ol.<br \/>\nEl REAL CLUB NAUTICO DE BARCELONA adoptar\u00e1 todas las medidas razonables para confirmar la identidad del usuario antes de proporcionarle datos sobre la informaci\u00f3n personal que se tengan del mismo.<\/p>\n<h3>Exclusi\u00f3n de garant\u00edas y responsabilidad<\/h3>\n<p>REAL CLUB NAUTICO DE BARCELONA no se responsabiliza por los da\u00f1os y perjuicios de toda naturaleza que puedan deberse a la falta de exactitud, exhaustividad, actualidad, as\u00ed como a errores u omisiones de los que pudieran adolecer las informaciones y servicios contenidos de este Sitio Web u otros contenidos a los que se pueda acceder a trav\u00e9s del mismo. REAL CLUB NAUTICO BARCELONA asume, no obstante, el deber y el compromiso de velar por rectificar cualquier contenido o informaci\u00f3n de este sitio web.<\/p>\n<p>Asimismo, REAL CLUB NAUTICO BARCELONA no garantiza la disponibilidad, continuidad ni la infalibilidad del funcionamiento del Sitio Web, y en consecuencia excluye, en la m\u00e1xima medida permitida por la legislaci\u00f3n vigente, cualquier responsabilidad por los da\u00f1os y perjuicios de toda naturaleza que puedan deberse a la falta de disponibilidad o de continuidad del funcionamiento del Sitio Web y de los servicios habilitados en el mismo, as\u00ed como a los errores en el acceso a las distintas p\u00e1ginas web o a aquellas desde las que, en su caso, se presten dichos servicios.<br \/>\nEl REAL CLUB NAUTICO DE BARCELONA excluye cualquier responsabilidad por los da\u00f1os y perjuicios de toda \u00edndole que pudieran deberse a los servicios prestados por terceros a trav\u00e9s de este Sitio Web as\u00ed como a los medios que \u00e9stos habilitan para gestionar las solicitudes de servicio, y concretamente, a modo enunciativo y no limitativo: por los actos de competencia desleal y publicidad il\u00edcita como consecuencia de la prestaci\u00f3n de servicios por terceros a trav\u00e9s del Sitio Web, as\u00ed como a la falta de veracidad, exactitud, exhaustividad, vicios, defectos, pertinencia y\/o actualidad de los contenidos transmitidos, difundidos, almacenados, recibidos, obtenidos, puestos a disposici\u00f3n o accesibles mediante los servicios prestados por terceros a trav\u00e9s de este Sitio Web.<\/p>\n<p>El REAL CLUB NAUTICO DE BARCELONA informa que la transmisi\u00f3n de informaci\u00f3n a trav\u00e9s de Internet, tanto por correo electr\u00f3nico como por correo basado en web, s\u00f3lo resulta segura cuando se codifica. Es posible que los mensajes del usuario se env\u00eden a trav\u00e9s de un n\u00famero indeterminado de pa\u00edses antes de que lleguen a su destinatario; tal es la naturaleza de la World Wide Web\/Intranet. El REAL CLUB NAUTICO DE BARCELONA no puede responsabilizarse de ning\u00fan acceso no autorizado o p\u00e9rdida de informaci\u00f3n personal que escape de su nuestro control.<\/p>\n<h3>Enlaces<\/h3>\n<p>El dominio rcnb.com contiene enlaces a otros sites. El REAL CLUB NAUTICO DE BARCELONA no se responsabiliza de la pol\u00edtica de privacidad de esos sites. Se sugiere al usuario m\u00e1xima precauci\u00f3n cuando abandone el presente site y la lectura de las pol\u00edticas de privacidad de todos y cada uno de los sites que re\u00fanan informaci\u00f3n personal identificable. Esta pol\u00edtica de privacidad s\u00f3lo es aplicable a la informaci\u00f3n contenida en website del REAL CLUB NAUTICO DE BARCELONA.<\/p>\n<p>En consecuencia, tanto el acceso a dichas P\u00e1ginas Web como el uso que pueda hacerse de la informaci\u00f3n y contenidos incluidos en las mismas se efect\u00faa bajo la exclusiva responsabilidad de quien lo realice, y el REAL CLUB NAUTICO DE BARCELONA no responder\u00e1 en ning\u00fan caso y en ninguna medida, ni por da\u00f1os directos ni indirectos, ni por da\u00f1o emergente ni por lucro cesante, por los eventuales perjuicios derivados del uso de la informaci\u00f3n y contenidos accesibles en dicha P\u00e1gina Web o del acceso a otras P\u00e1ginas Web o contenidos de terceros a trav\u00e9s de las conexiones y \u00ablinks\u00bb existentes.<\/p>\n<p>Asimismo, el REAL CLUB NAUTICO DE BARCELONA no ser\u00e1 en ning\u00fan caso responsable, ni siquiera de forma indirecta o subsidiaria, por productos o servicios prestados u ofertados por otras personas o entidades, o por contenidos, informaciones, comunicaciones, opiniones o manifestaciones de cualquier tipo originados o vertidos por terceros y que resulten accesibles a trav\u00e9s de las P\u00e1ginas Web del REAL CLUB NAUTICO DE BARCELONA.<\/p>\n<h3>Acceso<\/h3>\n<p>El REAL CLUB NAUTICO DE BARCELONA se reserva el derecho de suspender temporalmente, y sin necesidad de previo aviso, la accesibilidad de sus P\u00e1ginas Web en raz\u00f3n de la eventual necesidad de efectuar operaciones de mantenimiento, reparaci\u00f3n, actualizaci\u00f3n o mejora de las mismas. Asimismo el REAL CLUB NAUTICO DE BARCELONAse reserva, en todo caso, el derecho unilateral de modificar las condiciones de acceso a las mismas, as\u00ed como los contenidos en ellas incluidos.<\/p>\n","protected":false},"excerpt":{"rendered":"<p>Informaci\u00f3n sobre el titular del sitio web La Entidad Deportiva REAL CLUB NAUTICO DE BARCELONA con domicilio en Moll Espanya s\/n, 08039 Barcelona, Espa\u00f1a, es titular del dominio rcnb.com, provista de C.I.F. G-08399073, est\u00e1 inscrita en el Registro de Entidades Deportivas de la Generalitat de Catalunya con el n\u00famero 1739. El REAL CLUB NAUTICO DE [&hellip;]<\/p>\n","protected":false},"author":1,"featured_media":0,"parent":0,"menu_order":0,"comment_status":"closed","ping_status":"closed","template":"","meta":{"_acf_changed":false,"footnotes":""},"class_list":["post-8413","page","type-page","status-publish","hentry"],"acf":[],"yoast_head":"<!-- This site is optimized with the Yoast SEO plugin v25.6 - https:\/\/yoast.com\/wordpress\/plugins\/seo\/ -->\n<title>Aviso legal - Puig Vela Cl\u00e0ssica Barcelona<\/title>\n<meta name=\"robots\" content=\"index, follow, max-snippet:-1, max-image-preview:large, max-video-preview:-1\" \/>\n<link rel=\"canonical\" href=\"https:\/\/www.puigvelaclassicabarcelona.com\/es\/aviso-legal\/\" \/>\n<meta property=\"og:locale\" content=\"es_ES\" \/>\n<meta property=\"og:type\" content=\"article\" \/>\n<meta property=\"og:title\" content=\"Aviso legal - Puig Vela Cl\u00e0ssica Barcelona\" \/>\n<meta property=\"og:description\" content=\"Informaci\u00f3n sobre el titular del sitio web La Entidad Deportiva REAL CLUB NAUTICO DE BARCELONA con domicilio en Moll Espanya s\/n, 08039 Barcelona, Espa\u00f1a, es titular del dominio rcnb.com, provista de C.I.F. G-08399073, est\u00e1 inscrita en el Registro de Entidades Deportivas de la Generalitat de Catalunya con el n\u00famero 1739. El REAL CLUB NAUTICO DE [&hellip;]\" \/>\n<meta property=\"og:url\" content=\"https:\/\/www.puigvelaclassicabarcelona.com\/es\/aviso-legal\/\" \/>\n<meta property=\"og:site_name\" content=\"Puig Vela Cl\u00e0ssica Barcelona\" \/>\n<meta name=\"twitter:card\" content=\"summary_large_image\" \/>\n<script type=\"application\/ld+json\" class=\"yoast-schema-graph\">{\"@context\":\"https:\/\/schema.org\",\"@graph\":[{\"@type\":\"WebPage\",\"@id\":\"https:\/\/www.puigvelaclassicabarcelona.com\/es\/aviso-legal\/\",\"url\":\"https:\/\/www.puigvelaclassicabarcelona.com\/es\/aviso-legal\/\",\"name\":\"Aviso legal - Puig Vela Cl\u00e0ssica Barcelona\",\"isPartOf\":{\"@id\":\"https:\/\/puigvelaclassica.com\/es\/#website\"},\"datePublished\":\"2025-05-19T07:28:13+00:00\",\"breadcrumb\":{\"@id\":\"https:\/\/www.puigvelaclassicabarcelona.com\/es\/aviso-legal\/#breadcrumb\"},\"inLanguage\":\"es\",\"potentialAction\":[{\"@type\":\"ReadAction\",\"target\":[\"https:\/\/www.puigvelaclassicabarcelona.com\/es\/aviso-legal\/\"]}]},{\"@type\":\"BreadcrumbList\",\"@id\":\"https:\/\/www.puigvelaclassicabarcelona.com\/es\/aviso-legal\/#breadcrumb\",\"itemListElement\":[{\"@type\":\"ListItem\",\"position\":1,\"name\":\"Home\",\"item\":\"https:\/\/puigvelaclassica.com\/es\/\"},{\"@type\":\"ListItem\",\"position\":2,\"name\":\"Aviso legal\"}]},{\"@type\":\"WebSite\",\"@id\":\"https:\/\/puigvelaclassica.com\/es\/#website\",\"url\":\"https:\/\/puigvelaclassica.com\/es\/\",\"name\":\"Puig Vela Cl\u00e0ssica Barcelona\",\"description\":\"\",\"potentialAction\":[{\"@type\":\"SearchAction\",\"target\":{\"@type\":\"EntryPoint\",\"urlTemplate\":\"https:\/\/puigvelaclassica.com\/es\/?s={search_term_string}\"},\"query-input\":{\"@type\":\"PropertyValueSpecification\",\"valueRequired\":true,\"valueName\":\"search_term_string\"}}],\"inLanguage\":\"es\"}]}<\/script>\n<!-- \/ Yoast SEO plugin. -->","yoast_head_json":{"title":"Aviso legal - Puig Vela Cl\u00e0ssica Barcelona","robots":{"index":"index","follow":"follow","max-snippet":"max-snippet:-1","max-image-preview":"max-image-preview:large","max-video-preview":"max-video-preview:-1"},"canonical":"https:\/\/www.puigvelaclassicabarcelona.com\/es\/aviso-legal\/","og_locale":"es_ES","og_type":"article","og_title":"Aviso legal - Puig Vela Cl\u00e0ssica Barcelona","og_description":"Informaci\u00f3n sobre el titular del sitio web La Entidad Deportiva REAL CLUB NAUTICO DE BARCELONA con domicilio en Moll Espanya s\/n, 08039 Barcelona, Espa\u00f1a, es titular del dominio rcnb.com, provista de C.I.F. G-08399073, est\u00e1 inscrita en el Registro de Entidades Deportivas de la Generalitat de Catalunya con el n\u00famero 1739. El REAL CLUB NAUTICO DE [&hellip;]","og_url":"https:\/\/www.puigvelaclassicabarcelona.com\/es\/aviso-legal\/","og_site_name":"Puig Vela Cl\u00e0ssica Barcelona","twitter_card":"summary_large_image","schema":{"@context":"https:\/\/schema.org","@graph":[{"@type":"WebPage","@id":"https:\/\/www.puigvelaclassicabarcelona.com\/es\/aviso-legal\/","url":"https:\/\/www.puigvelaclassicabarcelona.com\/es\/aviso-legal\/","name":"Aviso legal - Puig Vela Cl\u00e0ssica Barcelona","isPartOf":{"@id":"https:\/\/puigvelaclassica.com\/es\/#website"},"datePublished":"2025-05-19T07:28:13+00:00","breadcrumb":{"@id":"https:\/\/www.puigvelaclassicabarcelona.com\/es\/aviso-legal\/#breadcrumb"},"inLanguage":"es","potentialAction":[{"@type":"ReadAction","target":["https:\/\/www.puigvelaclassicabarcelona.com\/es\/aviso-legal\/"]}]},{"@type":"BreadcrumbList","@id":"https:\/\/www.puigvelaclassicabarcelona.com\/es\/aviso-legal\/#breadcrumb","itemListElement":[{"@type":"ListItem","position":1,"name":"Home","item":"https:\/\/puigvelaclassica.com\/es\/"},{"@type":"ListItem","position":2,"name":"Aviso legal"}]},{"@type":"WebSite","@id":"https:\/\/puigvelaclassica.com\/es\/#website","url":"https:\/\/puigvelaclassica.com\/es\/","name":"Puig Vela Cl\u00e0ssica Barcelona","description":"","potentialAction":[{"@type":"SearchAction","target":{"@type":"EntryPoint","urlTemplate":"https:\/\/puigvelaclassica.com\/es\/?s={search_term_string}"},"query-input":{"@type":"PropertyValueSpecification","valueRequired":true,"valueName":"search_term_string"}}],"inLanguage":"es"}]}},"_links":{"self":[{"href":"https:\/\/www.puigvelaclassicabarcelona.com\/es\/wp-json\/wp\/v2\/pages\/8413","targetHints":{"allow":["GET"]}}],"collection":[{"href":"https:\/\/www.puigvelaclassicabarcelona.com\/es\/wp-json\/wp\/v2\/pages"}],"about":[{"href":"https:\/\/www.puigvelaclassicabarcelona.com\/es\/wp-json\/wp\/v2\/types\/page"}],"author":[{"embeddable":true,"href":"https:\/\/www.puigvelaclassicabarcelona.com\/es\/wp-json\/wp\/v2\/users\/1"}],"replies":[{"embeddable":true,"href":"https:\/\/www.puigvelaclassicabarcelona.com\/es\/wp-json\/wp\/v2\/comments?post=8413"}],"version-history":[{"count":1,"href":"https:\/\/www.puigvelaclassicabarcelona.com\/es\/wp-json\/wp\/v2\/pages\/8413\/revisions"}],"predecessor-version":[{"id":8414,"href":"https:\/\/www.puigvelaclassicabarcelona.com\/es\/wp-json\/wp\/v2\/pages\/8413\/revisions\/8414"}],"wp:attachment":[{"href":"https:\/\/www.puigvelaclassicabarcelona.com\/es\/wp-json\/wp\/v2\/media?parent=8413"}],"curies":[{"name":"wp","href":"https:\/\/api.w.org\/{rel}","templated":true}]}}